{"id":83,"date":"2022-10-12T18:10:45","date_gmt":"2022-10-12T18:10:45","guid":{"rendered":"https:\/\/veltanja.nl\/?page_id=83"},"modified":"2022-10-28T20:30:51","modified_gmt":"2022-10-28T20:30:51","slug":"sarcoidose","status":"publish","type":"page","link":"https:\/\/veltanja.nl\/index.php\/sarcoidose\/","title":{"rendered":"Sarco\u00efdose"},"content":{"rendered":"<p><strong>Wat is Sarco\u00efdose<\/strong><\/p>\n<p>Sarco\u00efdose is een zeldzame ziekte waarbij, door onbekende oorzaak, ontstekingen ontstaan. Bij zo\u2019n ontsteking hopen\u00a0witte bloedcellen\u00a0zich op. Deze ophopingen heten\u00a0granulomen. De ontstekingen\u00a0 kunnen vrijwel overal in het lichaam voorkomen. De meest voorkomende klacht is\u00a0vermoeidheid, dit ervaren veel mensen met sarco\u00efdose als de voornaamste beperking.<\/p>\n<p>Er is geen medicijn dat sarco\u00efdose kan genezen, de\u00a0medicatie\u00a0die eventueel voorgeschreven wordt is gericht op het onderdrukken van de ontstekingen.<\/p>\n<p>&nbsp;<\/p>\n<p><strong>Een hele goede omschrijving van sarco\u00efdose van de site: sarco\u00efdose\u00a0in mijn dagelijks leven<\/strong><\/p>\n<p>Sarco\u00efdose is\u00a0een vreemde \u00e9n ook wel grillige ziekte. Tot vandaag kan men niet achterhalen wat de oorsprong is van deze systeemziekte en waarom ze zich bij sommige mensen manifesteert en bij anderen niet. Of waarom ze chronisch wordt. Bij\u00a0vele sarco\u00efdosepati\u00ebnten gaat de ziekte na verloop van tijd terug slapen en lijkt de pati\u00ebnt aan de beterhand. Anderen krijgen een chronische variant die momenteel enkel door voldoende onderzoeken en kuren met corticostero\u00efden onder controle kan worden gehouden\u2026. en dan nog. Vaak is het vechten tegen de bierkaai. Terwijl je een medicijn neemt tegen een bepaald symptoom van de ziekte, loert er al een ander beestje om de hoek.\u00a0De sarco-mannetjes\u00a0spelen verstoppertje in je lichaam maar vertellen je nooit\u00a0hun vindplaats. Ze zijn je net altijd \u00e9\u00e9n stapje voor.<\/p>\n<p>Wanneer een behandeling dan toch eens aanslaat of de storm wat is gaan liggen, lijkt het alsof wij eindelijk de overwinningstocht kunnen aanvatten. Maar ons geluk is meestal van korte duur. Koude, wind, iemand die in je richting niest of hoest, oververmoeidheid\u2026 er zijn zoveel factoren die een nieuwe sarco-aanval kunnen uitlokken. Voorzichtig blijven is dus de boodschap. Niet in de buurt gaan van kindjes met\u00a0koortsige wangetjes, discreet je hoofd draaien wanneer iemand niest of hoest, je handen wel 500 keer per dag wassen en vooral een evenwicht zoeken tussen je lichaam en geest.<\/p>\n<p>E\u00e9n van de meest vervelende symptomen van sarco\u00efdose is de allesomvattende vermoeidheid. Je bent niet \u201ceen klein beetje moe\u201d omdat je wat weinig hebt geslapen de dag voordien, maar je blijft moe\u2026 dag in, dag uit, week in, week uit. Ook de broodnodige powernaps\u00a0zijn geen afdoende oplossing om je energiepeil terug de hoogte in te jagen.<\/p>\n<p>Wanneer je sarco\u00efdose hebt leer je leven met grenzen. Je bakent je sociale leven af, richt je actief leven heel gestructureerd in en maakt in je eigen agenda ruimte voor RUST. En dat mag je letterlijk nemen: slapen, hangen, liggen, niets doen\u2026 of toch\u2026 wachten tot de batterij weer wat is opgeladen.<\/p>\n<p>Leven met sarco\u00efdose is\u00a0balanceren op een weegschaal. Je moet er elke dag zorg voor dragen dat \u00e9\u00e9n van de beide zijden niet overhelt.<\/p>\n<p>&nbsp;<\/p>\n","protected":false},"excerpt":{"rendered":"<p>Wat is Sarco\u00efdose Sarco\u00efdose is een zeldzame ziekte waarbij, door onbekende oorzaak, ontstekingen ontstaan. Bij zo\u2019n ontsteking hopen\u00a0witte bloedcellen\u00a0zich op. Deze ophopingen heten\u00a0granulomen. De ontstekingen\u00a0 kunnen vrijwel overal in het lichaam voorkomen. De meest voorkomende klacht is\u00a0vermoeidheid, dit ervaren veel mensen met sarco\u00efdose als de voornaamste beperking. Er is geen medicijn dat sarco\u00efdose kan genezen, [&hellip;]<\/p>\n","protected":false},"author":1,"featured_media":0,"parent":0,"menu_order":0,"comment_status":"closed","ping_status":"closed","template":"","meta":{"footnotes":""},"class_list":["post-83","page","type-page","status-publish","hentry"],"_links":{"self":[{"href":"https:\/\/veltanja.nl\/index.php\/wp-json\/wp\/v2\/pages\/83","targetHints":{"allow":["GET"]}}],"collection":[{"href":"https:\/\/veltanja.nl\/index.php\/wp-json\/wp\/v2\/pages"}],"about":[{"href":"https:\/\/veltanja.nl\/index.php\/wp-json\/wp\/v2\/types\/page"}],"author":[{"embeddable":true,"href":"https:\/\/veltanja.nl\/index.php\/wp-json\/wp\/v2\/users\/1"}],"replies":[{"embeddable":true,"href":"https:\/\/veltanja.nl\/index.php\/wp-json\/wp\/v2\/comments?post=83"}],"version-history":[{"count":6,"href":"https:\/\/veltanja.nl\/index.php\/wp-json\/wp\/v2\/pages\/83\/revisions"}],"predecessor-version":[{"id":157,"href":"https:\/\/veltanja.nl\/index.php\/wp-json\/wp\/v2\/pages\/83\/revisions\/157"}],"wp:attachment":[{"href":"https:\/\/veltanja.nl\/index.php\/wp-json\/wp\/v2\/media?parent=83"}],"curies":[{"name":"wp","href":"https:\/\/api.w.org\/{rel}","templated":true}]}}